{"id":63,"date":"2023-02-02T16:35:38","date_gmt":"2023-02-02T15:35:38","guid":{"rendered":"https:\/\/pc-service-petsch.de\/?page_id=63"},"modified":"2024-01-10T18:36:44","modified_gmt":"2024-01-10T17:36:44","slug":"kontaktdaten","status":"publish","type":"page","link":"https:\/\/pc-service-petsch.de\/?page_id=63","title":{"rendered":"Kontaktdaten"},"content":{"rendered":"\n<p>Firma:<br>IT-Service Petsch<\/p>\n\n\n\n<p>Hauptsitz:<br>Pestalozzistra\u00dfe 5<br>06308 Benndorf<\/p>\n\n\n\n<p>Tel: 034772 26722<br>Fax: 034772 21684<br>Mobil: +49 171 4153740<\/p>\n\n\n\n<p>E-Mail: service@itpetsch.de<\/p>\n\n\n\n<p>B\u00fcrozeiten:<br>Dienstag und Donnerstag<br>von 10.00-18.00 Uhr<\/p>\n\n\n\n<p>Au\u00dferhalb der \u00d6ffnungszeiten stehe ich Ihnen gerne Telefonisch oder per E-Mail zur Verf\u00fcgung.<\/p>\n","protected":false},"excerpt":{"rendered":"<p>Firma:IT-Service Petsch Hauptsitz:Pestalozzistra\u00dfe 506308 Benndorf Tel: 034772 26722Fax: 034772 21684Mobil: +49 171 4153740 E-Mail: service@itpetsch.de B\u00fcrozeiten:Dienstag und Donnerstagvon 10.00-18.00 Uhr Au\u00dferhalb der \u00d6ffnungszeiten stehe ich Ihnen gerne Telefonisch oder per E-Mail zur Verf\u00fcgung.<\/p>\n","protected":false},"author":1,"featured_media":0,"parent":0,"menu_order":0,"comment_status":"closed","ping_status":"closed","template":"","meta":{"footnotes":""},"_links":{"self":[{"href":"https:\/\/pc-service-petsch.de\/index.php?rest_route=\/wp\/v2\/pages\/63"}],"collection":[{"href":"https:\/\/pc-service-petsch.de\/index.php?rest_route=\/wp\/v2\/pages"}],"about":[{"href":"https:\/\/pc-service-petsch.de\/index.php?rest_route=\/wp\/v2\/types\/page"}],"author":[{"embeddable":true,"href":"https:\/\/pc-service-petsch.de\/index.php?rest_route=\/wp\/v2\/users\/1"}],"replies":[{"embeddable":true,"href":"https:\/\/pc-service-petsch.de\/index.php?rest_route=%2Fwp%2Fv2%2Fcomments&post=63"}],"version-history":[{"count":3,"href":"https:\/\/pc-service-petsch.de\/index.php?rest_route=\/wp\/v2\/pages\/63\/revisions"}],"predecessor-version":[{"id":89,"href":"https:\/\/pc-service-petsch.de\/index.php?rest_route=\/wp\/v2\/pages\/63\/revisions\/89"}],"wp:attachment":[{"href":"https:\/\/pc-service-petsch.de\/index.php?rest_route=%2Fwp%2Fv2%2Fmedia&parent=63"}],"curies":[{"name":"wp","href":"https:\/\/api.w.org\/{rel}","templated":true}]}}